{"id":2,"date":"2019-06-17T13:10:40","date_gmt":"2019-06-17T16:10:40","guid":{"rendered":"http:\/\/www.blueforestcocoa.com\/?page_id=2"},"modified":"2022-06-30T12:07:49","modified_gmt":"2022-06-30T15:07:49","slug":"quem-somos","status":"publish","type":"page","link":"https:\/\/blueforestcocoa.com.br\/en\/quem-somos\/","title":{"rendered":"Blue Forest Cocoa"},"content":{"rendered":"<p><img loading=\"lazy\" class=\"alignleft wp-image-146 size-full\" src=\"http:\/\/blueforestcocoa.com.br\/wp-content\/uploads\/2022\/06\/010.jpg\" alt=\"\" width=\"599\" height=\"354\" srcset=\"https:\/\/blueforestcocoa.com.br\/wp-content\/uploads\/2022\/06\/010.jpg 599w, https:\/\/blueforestcocoa.com.br\/wp-content\/uploads\/2022\/06\/010-300x177.jpg 300w\" sizes=\"(max-width: 599px) 100vw, 599px\" \/><\/p>\n<p>Atrav\u00e9s de varietais selecionadas, torra das am\u00eandoas com temperatura e tempo controlados, fermenta\u00e7\u00e3o controlada, secagem ao sol para obter umidade ideal para as am\u00eandoas e pr\u00e1ticas de manejo espec\u00edficas que mant\u00eam a preserva\u00e7\u00e3o da Mata Atl\u00e2ntica, obtemos assim, um produto gourmet que preza pela qualidade e sabor diferenciado. Nossa miss\u00e3o \u00e9 produzir com qualidade superior, garantir sustentabilidade ao meio ambiente e promover melhores condi\u00e7\u00f5es sociais aos nossos colaboradores.<\/p>","protected":false},"excerpt":{"rendered":"<p>The company  Blue Forest, founded in 2017, created by traditional cocoa producing families, Delmondes and Gedeon, that dated to the early 20th century. This tradition has enabled us to produce healthy, delicious cocoa beans required for quality nibs and derivatives.<\/p>\n","protected":false},"author":1,"featured_media":88,"parent":0,"menu_order":0,"comment_status":"closed","ping_status":"open","template":"","meta":{"_mi_skip_tracking":false},"_links":{"self":[{"href":"https:\/\/blueforestcocoa.com.br\/en\/wp-json\/wp\/v2\/pages\/2"}],"collection":[{"href":"https:\/\/blueforestcocoa.com.br\/en\/wp-json\/wp\/v2\/pages"}],"about":[{"href":"https:\/\/blueforestcocoa.com.br\/en\/wp-json\/wp\/v2\/types\/page"}],"author":[{"embeddable":true,"href":"https:\/\/blueforestcocoa.com.br\/en\/wp-json\/wp\/v2\/users\/1"}],"replies":[{"embeddable":true,"href":"https:\/\/blueforestcocoa.com.br\/en\/wp-json\/wp\/v2\/comments?post=2"}],"version-history":[{"count":42,"href":"https:\/\/blueforestcocoa.com.br\/en\/wp-json\/wp\/v2\/pages\/2\/revisions"}],"predecessor-version":[{"id":147,"href":"https:\/\/blueforestcocoa.com.br\/en\/wp-json\/wp\/v2\/pages\/2\/revisions\/147"}],"wp:featuredmedia":[{"embeddable":true,"href":"https:\/\/blueforestcocoa.com.br\/en\/wp-json\/wp\/v2\/media\/88"}],"wp:attachment":[{"href":"https:\/\/blueforestcocoa.com.br\/en\/wp-json\/wp\/v2\/media?parent=2"}],"curies":[{"name":"wp","href":"https:\/\/api.w.org\/{rel}","templated":true}]}}